{"id":3,"date":"2025-10-27T20:56:31","date_gmt":"2025-10-27T20:56:31","guid":{"rendered":"http:\/\/tatalen.com\/?page_id=3"},"modified":"2025-11-02T14:38:20","modified_gmt":"2025-11-02T14:38:20","slug":"privacy-policy","status":"publish","type":"page","link":"https:\/\/tatalen.com\/index.php\/privacy-policy\/","title":{"rendered":"Privdfacy Policy"},"content":{"rendered":"\t\t<div data-elementor-type=\"wp-page\" data-elementor-id=\"3\" class=\"elementor elementor-3\">\n\t\t\t\t<div class=\"elementor-element elementor-element-73429a7c e-flex e-con-boxed e-con e-parent\" data-id=\"73429a7c\" data-element_type=\"container\">\n\t\t\t\t\t<div class=\"e-con-inner\">\n\t\t\t\t<div class=\"elementor-element elementor-element-9c82caf elementor-widget elementor-widget-text-editor\" data-id=\"9c82caf\" data-element_type=\"widget\" data-widget_type=\"text-editor.default\">\n\t\t\t\t\t\t\t\t\t\n<h2 class=\"wp-block-heading\"><strong>Politique de confidentialit\u00e9<\/strong><\/h2>\n\n<h3 class=\"wp-block-heading\">\u00a0<\/h3>\n\n<h2 class=\"wp-block-heading\">Qui sommes-nous ?<\/h2>\n\n<p data-start=\"223\" data-end=\"374\">Le site <strong data-start=\"231\" data-end=\"243\">Tata Len<\/strong> est un service de traiteur et de livraison de repas \u00e0 domicile.<br data-start=\"307\" data-end=\"310\" \/>Adresse du site web : <a class=\"decorated-link\" href=\"https:\/\/tatalen.com\" target=\"_new\" rel=\"noopener\" data-start=\"332\" data-end=\"374\">https:\/\/tatalen.com<\/a><\/p>\n\n<h2 class=\"wp-block-heading\">Commentaires<\/h2>\n\n<p data-start=\"404\" data-end=\"650\">Lorsque vous laissez un commentaire sur notre site, nous recueillons les donn\u00e9es indiqu\u00e9es dans le formulaire de commentaire, ainsi que votre adresse IP et la cha\u00eene d\u2019agent utilisateur de votre navigateur afin d\u2019aider \u00e0 la d\u00e9tection des spams.<\/p>\n<p data-start=\"652\" data-end=\"1052\">Une cha\u00eene anonymis\u00e9e cr\u00e9\u00e9e \u00e0 partir de votre adresse e-mail (appel\u00e9e <em data-start=\"722\" data-end=\"728\">hash<\/em>) peut \u00eatre transmise au service Gravatar pour v\u00e9rifier si vous l\u2019utilisez. La politique de confidentialit\u00e9 du service Gravatar est disponible ici : <a class=\"decorated-link\" href=\"https:\/\/automattic.com\/privacy\/\" target=\"_new\" rel=\"noopener\" data-start=\"877\" data-end=\"943\">https:\/\/automattic.com\/privacy\/<\/a>.<br data-start=\"944\" data-end=\"947\" \/>Apr\u00e8s validation de votre commentaire, votre photo de profil est visible publiquement \u00e0 c\u00f4t\u00e9 de celui-ci.<\/p>\n\n<h2 class=\"wp-block-heading\">M\u00e9dias<\/h2>\n\n<p>Si vous t\u00e9l\u00e9versez des images sur le site, \u00e9vitez d\u2019inclure des donn\u00e9es de localisation int\u00e9gr\u00e9es (EXIF GPS). Les visiteurs du site peuvent t\u00e9l\u00e9charger et extraire les donn\u00e9es de localisation \u00e0 partir des images pr\u00e9sentes sur le site.<\/p>\n\n<h2 class=\"wp-block-heading\">Cookies<\/h2>\n\n<p data-start=\"1335\" data-end=\"1609\">Si vous laissez un commentaire sur notre site, il vous sera propos\u00e9 d\u2019enregistrer votre nom, adresse e-mail et site web dans des cookies. C\u2019est uniquement pour votre confort afin de ne pas avoir \u00e0 ressaisir ces informations plus tard. Ces cookies expirent au bout d\u2019un an.<\/p>\n<p data-start=\"1611\" data-end=\"1836\">Si vous vous connectez \u00e0 votre compte, des cookies temporaires seront cr\u00e9\u00e9s pour v\u00e9rifier si votre navigateur accepte les cookies. Ils ne contiennent aucune donn\u00e9e personnelle et sont supprim\u00e9s \u00e0 la fermeture du navigateur.<\/p>\n<p data-start=\"1838\" data-end=\"2015\">D\u2019autres cookies peuvent \u00eatre cr\u00e9\u00e9s pour enregistrer vos pr\u00e9f\u00e9rences d\u2019affichage et vos informations de connexion. Ces cookies expirent automatiquement apr\u00e8s une p\u00e9riode donn\u00e9e.<\/p>\n\n<h2 class=\"wp-block-heading\">Contenus int\u00e9gr\u00e9s depuis d\u2019autres sites<\/h2>\n\n<p>Les pages de ce site peuvent inclure des contenus int\u00e9gr\u00e9s (par exemple des vid\u00e9os, images ou articles). Le contenu int\u00e9gr\u00e9 depuis d\u2019autres sites se comporte de la m\u00eame mani\u00e8re que si le visiteur se rendait directement sur ces autres sites.<br data-start=\"2312\" data-end=\"2315\" \/>Ces sites web peuvent collecter des donn\u00e9es, utiliser des cookies ou suivre vos interactions avec leur contenu int\u00e9gr\u00e9.<\/p>\n\n<h2 class=\"wp-block-heading\">Partage de vos donn\u00e9es personnelles<\/h2>\n\n<p data-start=\"2487\" data-end=\"2683\">Si vous demandez une r\u00e9initialisation de mot de passe, votre adresse IP sera incluse dans l\u2019e-mail de r\u00e9initialisation.<br data-start=\"2606\" data-end=\"2609\" \/>Nous ne partageons pas vos donn\u00e9es avec des tiers \u00e0 des fins commerciales.<\/p>\n\n<h2 class=\"wp-block-heading\">Dur\u00e9e de conservation de vos donn\u00e9es<\/h2>\n\n<p>Les commentaires et leurs m\u00e9tadonn\u00e9es sont conserv\u00e9s ind\u00e9finiment. Cela permet de reconna\u00eetre et d\u2019approuver automatiquement les commentaires ult\u00e9rieurs.<br data-start=\"2890\" data-end=\"2893\" \/>Pour les utilisateurs qui s\u2019inscrivent sur notre site (si applicable), nous conservons \u00e9galement les informations personnelles indiqu\u00e9es dans leur profil.<\/p>\n\n<h2 class=\"wp-block-heading\">Vos droits sur vos donn\u00e9es<\/h2>\n\n<p>Vous pouvez demander \u00e0 recevoir un fichier contenant les donn\u00e9es personnelles que nous d\u00e9tenons \u00e0 votre sujet, ou demander leur suppression.<br data-start=\"3231\" data-end=\"3234\" \/>Cela ne concerne pas les donn\u00e9es que nous devons conserver pour des raisons administratives, l\u00e9gales ou de s\u00e9curit\u00e9.<\/p>\n\n<h2 class=\"wp-block-heading\">O\u00f9 vos donn\u00e9es sont envoy\u00e9es<\/h2>\n\n<p>Les commentaires des visiteurs peuvent \u00eatre v\u00e9rifi\u00e9s \u00e0 l\u2019aide d\u2019un service automatis\u00e9 de d\u00e9tection des spams.<br data-start=\"3505\" data-end=\"3508\" \/>Les donn\u00e9es collect\u00e9es ne sont utilis\u00e9es qu\u2019\u00e0 des fins de bon fonctionnement du site et de prestation de service (livraison, contact, suivi client).<\/p>\n\t\t\t\t\t\t\t\t<\/div>\n\t\t\t\t\t<\/div>\n\t\t\t\t<\/div>\n\t\t\t\t<\/div>\n\t\t","protected":false},"excerpt":{"rendered":"<p>Politique de confidentialit\u00e9 \u00a0 Qui sommes-nous ? Le site Tata Len est un service de traiteur et de livraison de repas \u00e0 domicile.Adresse du site web : https:\/\/tatalen.com Commentaires Lorsque vous laissez un commentaire sur notre site, nous recueillons les donn\u00e9es indiqu\u00e9es dans le formulaire de commentaire, ainsi que votre adresse IP et la cha\u00eene [&hellip;]<\/p>\n","protected":false},"author":1,"featured_media":0,"parent":0,"menu_order":0,"comment_status":"closed","ping_status":"open","template":"","meta":{"footnotes":""},"class_list":["post-3","page","type-page","status-publish","hentry"],"_links":{"self":[{"href":"https:\/\/tatalen.com\/index.php\/wp-json\/wp\/v2\/pages\/3","targetHints":{"allow":["GET"]}}],"collection":[{"href":"https:\/\/tatalen.com\/index.php\/wp-json\/wp\/v2\/pages"}],"about":[{"href":"https:\/\/tatalen.com\/index.php\/wp-json\/wp\/v2\/types\/page"}],"author":[{"embeddable":true,"href":"https:\/\/tatalen.com\/index.php\/wp-json\/wp\/v2\/users\/1"}],"replies":[{"embeddable":true,"href":"https:\/\/tatalen.com\/index.php\/wp-json\/wp\/v2\/comments?post=3"}],"version-history":[{"count":3,"href":"https:\/\/tatalen.com\/index.php\/wp-json\/wp\/v2\/pages\/3\/revisions"}],"predecessor-version":[{"id":6601,"href":"https:\/\/tatalen.com\/index.php\/wp-json\/wp\/v2\/pages\/3\/revisions\/6601"}],"wp:attachment":[{"href":"https:\/\/tatalen.com\/index.php\/wp-json\/wp\/v2\/media?parent=3"}],"curies":[{"name":"wp","href":"https:\/\/api.w.org\/{rel}","templated":true}]}}