{"id":6787,"date":"2025-11-08T14:53:29","date_gmt":"2025-11-08T13:53:29","guid":{"rendered":"https:\/\/tatalen.com\/?post_type=product&#038;p=6787"},"modified":"2025-11-08T14:54:47","modified_gmt":"2025-11-08T13:54:47","slug":"plateau-signature","status":"publish","type":"product","link":"https:\/\/tatalen.com\/index.php\/product\/plateau-signature\/","title":{"rendered":"Plateau Signature"},"content":{"rendered":"<h6>8 avocat rolls saumon fromage<\/h6>\n<h6>8 crispy crevettes pan\u00e9es l\u00e9g\u00e8rement \u00e9pic\u00e9es<\/h6>\n<h6>8 mango poulet pan\u00e9s l\u00e9g\u00e8rement \u00e9pic\u00e9s<\/h6>\n<h6><\/h6>\n","protected":false},"excerpt":{"rendered":"<p>8 avocat rolls saumon fromage 8 crispy crevettes pan\u00e9es l\u00e9g\u00e8rement \u00e9pic\u00e9es 8 mango poulet pan\u00e9s l\u00e9g\u00e8rement \u00e9pic\u00e9s<\/p>\n","protected":false},"featured_media":6771,"comment_status":"open","ping_status":"closed","template":"","meta":[],"product_brand":[],"product_cat":[54],"product_tag":[],"class_list":{"0":"post-6787","1":"product","2":"type-product","3":"status-publish","4":"has-post-thumbnail","6":"product_cat-1-sushis","8":"first","9":"instock","10":"shipping-taxable","11":"purchasable","12":"product-type-simple"},"_links":{"self":[{"href":"https:\/\/tatalen.com\/index.php\/wp-json\/wp\/v2\/product\/6787","targetHints":{"allow":["GET"]}}],"collection":[{"href":"https:\/\/tatalen.com\/index.php\/wp-json\/wp\/v2\/product"}],"about":[{"href":"https:\/\/tatalen.com\/index.php\/wp-json\/wp\/v2\/types\/product"}],"replies":[{"embeddable":true,"href":"https:\/\/tatalen.com\/index.php\/wp-json\/wp\/v2\/comments?post=6787"}],"wp:featuredmedia":[{"embeddable":true,"href":"https:\/\/tatalen.com\/index.php\/wp-json\/wp\/v2\/media\/6771"}],"wp:attachment":[{"href":"https:\/\/tatalen.com\/index.php\/wp-json\/wp\/v2\/media?parent=6787"}],"wp:term":[{"taxonomy":"product_brand","embeddable":true,"href":"https:\/\/tatalen.com\/index.php\/wp-json\/wp\/v2\/product_brand?post=6787"},{"taxonomy":"product_cat","embeddable":true,"href":"https:\/\/tatalen.com\/index.php\/wp-json\/wp\/v2\/product_cat?post=6787"},{"taxonomy":"product_tag","embeddable":true,"href":"https:\/\/tatalen.com\/index.php\/wp-json\/wp\/v2\/product_tag?post=6787"}],"curies":[{"name":"wp","href":"https:\/\/api.w.org\/{rel}","templated":true}]}}