{"id":6816,"date":"2025-11-09T08:52:02","date_gmt":"2025-11-09T07:52:02","guid":{"rendered":"https:\/\/tatalen.com\/?post_type=product&#038;p=6816"},"modified":"2025-11-09T08:52:59","modified_gmt":"2025-11-09T07:52:59","slug":"midi-len-epice","status":"publish","type":"product","link":"https:\/\/tatalen.com\/index.php\/product\/midi-len-epice\/","title":{"rendered":"Midi Len \u00e9pic\u00e9"},"content":{"rendered":"<h6>Boeuf saut\u00e9 aux l\u00e9gumes + riz parfum\u00e9<\/h6>\n","protected":false},"excerpt":{"rendered":"<p>Boeuf saut\u00e9 aux l\u00e9gumes + riz parfum\u00e9<\/p>\n","protected":false},"featured_media":6810,"comment_status":"open","ping_status":"closed","template":"","meta":[],"product_brand":[],"product_cat":[52],"product_tag":[],"class_list":{"0":"post-6816","1":"product","2":"type-product","3":"status-publish","4":"has-post-thumbnail","6":"product_cat-3-wok","8":"first","9":"instock","10":"shipping-taxable","11":"purchasable","12":"product-type-simple"},"_links":{"self":[{"href":"https:\/\/tatalen.com\/index.php\/wp-json\/wp\/v2\/product\/6816","targetHints":{"allow":["GET"]}}],"collection":[{"href":"https:\/\/tatalen.com\/index.php\/wp-json\/wp\/v2\/product"}],"about":[{"href":"https:\/\/tatalen.com\/index.php\/wp-json\/wp\/v2\/types\/product"}],"replies":[{"embeddable":true,"href":"https:\/\/tatalen.com\/index.php\/wp-json\/wp\/v2\/comments?post=6816"}],"wp:featuredmedia":[{"embeddable":true,"href":"https:\/\/tatalen.com\/index.php\/wp-json\/wp\/v2\/media\/6810"}],"wp:attachment":[{"href":"https:\/\/tatalen.com\/index.php\/wp-json\/wp\/v2\/media?parent=6816"}],"wp:term":[{"taxonomy":"product_brand","embeddable":true,"href":"https:\/\/tatalen.com\/index.php\/wp-json\/wp\/v2\/product_brand?post=6816"},{"taxonomy":"product_cat","embeddable":true,"href":"https:\/\/tatalen.com\/index.php\/wp-json\/wp\/v2\/product_cat?post=6816"},{"taxonomy":"product_tag","embeddable":true,"href":"https:\/\/tatalen.com\/index.php\/wp-json\/wp\/v2\/product_tag?post=6816"}],"curies":[{"name":"wp","href":"https:\/\/api.w.org\/{rel}","templated":true}]}}