{"id":6817,"date":"2025-11-09T08:53:25","date_gmt":"2025-11-09T07:53:25","guid":{"rendered":"https:\/\/tatalen.com\/?post_type=product&#038;p=6817"},"modified":"2025-11-09T08:54:40","modified_gmt":"2025-11-09T07:54:40","slug":"midi-len_vegan","status":"publish","type":"product","link":"https:\/\/tatalen.com\/index.php\/product\/midi-len_vegan\/","title":{"rendered":"Midi Len V\u00e9gan"},"content":{"rendered":"<h6>Vermicelles saut\u00e9es au tofu, salade, crudit\u00e9s<\/h6>\n","protected":false},"excerpt":{"rendered":"<p>Vermicelles saut\u00e9es au tofu, salade, crudit\u00e9s<\/p>\n","protected":false},"featured_media":6810,"comment_status":"open","ping_status":"closed","template":"","meta":[],"product_brand":[],"product_cat":[52],"product_tag":[],"class_list":{"0":"post-6817","1":"product","2":"type-product","3":"status-publish","4":"has-post-thumbnail","6":"product_cat-3-wok","8":"first","9":"instock","10":"shipping-taxable","11":"purchasable","12":"product-type-simple"},"_links":{"self":[{"href":"https:\/\/tatalen.com\/index.php\/wp-json\/wp\/v2\/product\/6817","targetHints":{"allow":["GET"]}}],"collection":[{"href":"https:\/\/tatalen.com\/index.php\/wp-json\/wp\/v2\/product"}],"about":[{"href":"https:\/\/tatalen.com\/index.php\/wp-json\/wp\/v2\/types\/product"}],"replies":[{"embeddable":true,"href":"https:\/\/tatalen.com\/index.php\/wp-json\/wp\/v2\/comments?post=6817"}],"wp:featuredmedia":[{"embeddable":true,"href":"https:\/\/tatalen.com\/index.php\/wp-json\/wp\/v2\/media\/6810"}],"wp:attachment":[{"href":"https:\/\/tatalen.com\/index.php\/wp-json\/wp\/v2\/media?parent=6817"}],"wp:term":[{"taxonomy":"product_brand","embeddable":true,"href":"https:\/\/tatalen.com\/index.php\/wp-json\/wp\/v2\/product_brand?post=6817"},{"taxonomy":"product_cat","embeddable":true,"href":"https:\/\/tatalen.com\/index.php\/wp-json\/wp\/v2\/product_cat?post=6817"},{"taxonomy":"product_tag","embeddable":true,"href":"https:\/\/tatalen.com\/index.php\/wp-json\/wp\/v2\/product_tag?post=6817"}],"curies":[{"name":"wp","href":"https:\/\/api.w.org\/{rel}","templated":true}]}}