{"id":6818,"date":"2025-11-09T08:55:00","date_gmt":"2025-11-09T07:55:00","guid":{"rendered":"https:\/\/tatalen.com\/?post_type=product&#038;p=6818"},"modified":"2025-11-09T08:56:47","modified_gmt":"2025-11-09T07:56:47","slug":"midi-len-gourmand","status":"publish","type":"product","link":"https:\/\/tatalen.com\/index.php\/product\/midi-len-gourmand\/","title":{"rendered":"Midi Len gourmand"},"content":{"rendered":"<h6>Poulet marin\u00e9 grill\u00e9 + riz parfum\u00e9<\/h6>\n","protected":false},"excerpt":{"rendered":"<p>Poulet marin\u00e9 grill\u00e9 + riz parfum\u00e9<\/p>\n","protected":false},"featured_media":6810,"comment_status":"open","ping_status":"closed","template":"","meta":[],"product_brand":[],"product_cat":[52],"product_tag":[],"class_list":{"0":"post-6818","1":"product","2":"type-product","3":"status-publish","4":"has-post-thumbnail","6":"product_cat-3-wok","8":"first","9":"instock","10":"shipping-taxable","11":"purchasable","12":"product-type-simple"},"_links":{"self":[{"href":"https:\/\/tatalen.com\/index.php\/wp-json\/wp\/v2\/product\/6818","targetHints":{"allow":["GET"]}}],"collection":[{"href":"https:\/\/tatalen.com\/index.php\/wp-json\/wp\/v2\/product"}],"about":[{"href":"https:\/\/tatalen.com\/index.php\/wp-json\/wp\/v2\/types\/product"}],"replies":[{"embeddable":true,"href":"https:\/\/tatalen.com\/index.php\/wp-json\/wp\/v2\/comments?post=6818"}],"wp:featuredmedia":[{"embeddable":true,"href":"https:\/\/tatalen.com\/index.php\/wp-json\/wp\/v2\/media\/6810"}],"wp:attachment":[{"href":"https:\/\/tatalen.com\/index.php\/wp-json\/wp\/v2\/media?parent=6818"}],"wp:term":[{"taxonomy":"product_brand","embeddable":true,"href":"https:\/\/tatalen.com\/index.php\/wp-json\/wp\/v2\/product_brand?post=6818"},{"taxonomy":"product_cat","embeddable":true,"href":"https:\/\/tatalen.com\/index.php\/wp-json\/wp\/v2\/product_cat?post=6818"},{"taxonomy":"product_tag","embeddable":true,"href":"https:\/\/tatalen.com\/index.php\/wp-json\/wp\/v2\/product_tag?post=6818"}],"curies":[{"name":"wp","href":"https:\/\/api.w.org\/{rel}","templated":true}]}}